{"id":7032,"date":"2023-11-25T17:29:07","date_gmt":"2023-11-25T17:29:07","guid":{"rendered":"https:\/\/wandell.se\/trofasthund\/?page_id=7032"},"modified":"2024-05-27T16:19:40","modified_gmt":"2024-05-27T16:19:40","slug":"kurser","status":"publish","type":"page","link":"https:\/\/wandell.se\/trofasthund\/kurser\/","title":{"rendered":"Kurser"},"content":{"rendered":"\t\t<div data-elementor-type=\"wp-page\" data-elementor-id=\"7032\" class=\"elementor elementor-7032\">\n\t\t\t\t<div class=\"elementor-element elementor-element-ac55e17 e-flex e-con-boxed e-con e-parent\" data-id=\"ac55e17\" data-element_type=\"container\" data-e-type=\"container\">\n\t\t\t\t\t<div class=\"e-con-inner\">\n\t\t\t\t<div class=\"elementor-element elementor-element-0d4c6e0 elementor-widget elementor-widget-menu-anchor\" data-id=\"0d4c6e0\" data-element_type=\"widget\" data-e-type=\"widget\" data-widget_type=\"menu-anchor.default\">\n\t\t\t\t<div class=\"elementor-widget-container\">\n\t\t\t\t\t\t\t<div class=\"elementor-menu-anchor\" id=\"tema\"><\/div>\n\t\t\t\t\t\t<\/div>\n\t\t\t\t<\/div>\n\t\t\t\t<div class=\"elementor-element elementor-element-966c4c7 elementor-widget elementor-widget-heading\" data-id=\"966c4c7\" data-element_type=\"widget\" data-e-type=\"widget\" data-widget_type=\"heading.default\">\n\t\t\t\t<div class=\"elementor-widget-container\">\n\t\t\t\t\t<h2 class=\"elementor-heading-title elementor-size-default\">Planerade kursstarter<\/h2>\t\t\t\t<\/div>\n\t\t\t\t<\/div>\n\t\t\t\t<div class=\"elementor-element elementor-element-3f5610a elementor-widget elementor-widget-shortcode\" data-id=\"3f5610a\" data-element_type=\"widget\" data-e-type=\"widget\" data-widget_type=\"shortcode.default\">\n\t\t\t\t<div class=\"elementor-widget-container\">\n\t\t\t\t\t\t\t<div class=\"elementor-shortcode\"><div id=\"ect-no-events\"><p>Det finns inga kommande planerade kursstarter f\u00f6r tillf\u00e4llet men kontakta mig vid intresse<\/p><\/div><\/div>\n\t\t\t\t\t\t<\/div>\n\t\t\t\t<\/div>\n\t\t\t\t\t<\/div>\n\t\t\t\t<\/div>\n\t\t\t\t<section class=\"elementor-section elementor-top-section elementor-element elementor-element-ae7ec6e elementor-section-boxed elementor-section-height-default elementor-section-height-default\" data-id=\"ae7ec6e\" data-element_type=\"section\" data-e-type=\"section\">\n\t\t\t\t\t\t<div class=\"elementor-container elementor-column-gap-default\">\n\t\t\t\t\t<div class=\"elementor-column elementor-col-100 elementor-top-column elementor-element elementor-element-78ed6bd5\" data-id=\"78ed6bd5\" data-element_type=\"column\" data-e-type=\"column\">\n\t\t\t<div class=\"elementor-widget-wrap elementor-element-populated\">\n\t\t\t\t\t\t<div class=\"elementor-element elementor-element-f7a2a43 elementor-widget elementor-widget-heading\" data-id=\"f7a2a43\" data-element_type=\"widget\" data-e-type=\"widget\" data-widget_type=\"heading.default\">\n\t\t\t\t<div class=\"elementor-widget-container\">\n\t\t\t\t\t<h2 class=\"elementor-heading-title elementor-size-default\">Tematr\u00e4ffar<\/h2>\t\t\t\t<\/div>\n\t\t\t\t<\/div>\n\t\t\t\t<div class=\"elementor-element elementor-element-569f908 elementor-widget elementor-widget-text-editor\" data-id=\"569f908\" data-element_type=\"widget\" data-e-type=\"widget\" data-widget_type=\"text-editor.default\">\n\t\t\t\t<div class=\"elementor-widget-container\">\n\t\t\t\t\t\t\t\t\t<p>Tematr\u00e4ffarna \u00e4r f\u00f6r dig som kanske har sv\u00e5rt att binda upp dig p\u00e5 en hel kurs, f\u00f6r dig som beh\u00f6ver tr\u00e4na extra p\u00e5 vissa delar eller f\u00f6r dig som bara vill ha lite nya id\u00e9er och utmaningar till tr\u00e4ningen hemma.<\/p>\t\t\t\t\t\t\t\t<\/div>\n\t\t\t\t<\/div>\n\t\t\t\t<div class=\"elementor-element elementor-element-0bfdedc elementor-grid-3 elementor-grid-tablet-2 elementor-grid-mobile-1 elementor-widget elementor-widget-wpzoom-elementor-addons-posts-grid\" data-id=\"0bfdedc\" data-element_type=\"widget\" data-e-type=\"widget\" data-settings=\"{&quot;columns&quot;:&quot;3&quot;,&quot;columns_tablet&quot;:&quot;2&quot;,&quot;columns_mobile&quot;:&quot;1&quot;}\" data-widget_type=\"wpzoom-elementor-addons-posts-grid.default\">\n\t\t\t\t<div class=\"elementor-widget-container\">\n\t\t\t\t\t\t\t<div \n\t\t\tclass=\"wpz-grid\" \n\t\t\tdata-uid=\"0bfdedc\"\n\t\t\tdata-offset=\"20\"\n\t\t\tdata-posts-grid='{\"posts_per_page\":20,\"post_status\":\"publish\",\"paged\":1,\"post__not_in\":[],\"ignore_sticky_posts\":true,\"category_name\":\"tematraffar\",\"no_found_rows\":true,\"orderby\":\"post_title\",\"order\":\"asc\",\"offset\":20,\"show_image\":\"yes\",\"post_thumbnail_size\":\"full\",\"show_title\":\"yes\",\"title_tag\":\"h3\",\"meta_data\":[],\"show_excerpt\":\"\",\"excerpt_length\":null,\"show_read_more\":\"\",\"read_more_text\":null,\"grid_style\":\"1\",\"total\":0}'>\n\t\t\t\t\t\t<div class=\"wpz-grid-container elementor-grid wpz-grid-desktop-3  wpz-grid-tablet-2  wpz-grid-mobile-1 \">\n\t\t\t\t\n        <article id=\"post-7144\" class=\"wpz-post post-7144 post type-post status-publish format-standard has-post-thumbnail hentry category-tematraffar\">\n         \n            <div class=\"post-grid-inner\">\n            \t\n            \t\t\t\t<div class=\"post-grid-thumbnail\">\n\t\t\t\t<a href=\"https:\/\/wandell.se\/trofasthund\/tematraffar-nosework-specialsok\/\" title=\"Tematr\u00e4ffar Nosework\/specials\u00f6k\">\n\t\t\t\t\t<img data-recalc-dims=\"1\" fetchpriority=\"high\" decoding=\"async\" width=\"800\" height=\"533\" src=\"https:\/\/i0.wp.com\/wandell.se\/trofasthund\/wp-content\/uploads\/2024\/04\/img_6992.jpg?resize=800%2C533&#038;ssl=1\" class=\"attachment-full size-full wp-post-image\" alt=\"\" srcset=\"https:\/\/i0.wp.com\/wandell.se\/trofasthund\/wp-content\/uploads\/2024\/04\/img_6992.jpg?w=800&amp;ssl=1 800w, https:\/\/i0.wp.com\/wandell.se\/trofasthund\/wp-content\/uploads\/2024\/04\/img_6992.jpg?resize=300%2C200&amp;ssl=1 300w, https:\/\/i0.wp.com\/wandell.se\/trofasthund\/wp-content\/uploads\/2024\/04\/img_6992.jpg?resize=600%2C400&amp;ssl=1 600w\" sizes=\"100vw\" \/>\t\t\t\t<\/a>\n\t\t\t<\/div>\n\t\t\n                <div class=\"post-grid-text-wrap\">\n               \t\t\t\t<h3 class=\"title\">\n\t\t\t<a href=\"https:\/\/wandell.se\/trofasthund\/tematraffar-nosework-specialsok\/\" title=\"Tematr\u00e4ffar Nosework\/specials\u00f6k\">Tematr\u00e4ffar Nosework\/specials\u00f6k<\/a>\n\t\t<\/h3>\n\t\t\t                \t                \t                                <\/div>\n\n            <\/div><!-- .blog-inner -->\n           \n        <\/article>\n\n        \n        <article id=\"post-7250\" class=\"wpz-post post-7250 post type-post status-publish format-standard has-post-thumbnail hentry category-tematraffar\">\n         \n            <div class=\"post-grid-inner\">\n            \t\n            \t\t\t\t<div class=\"post-grid-thumbnail\">\n\t\t\t\t<a href=\"https:\/\/wandell.se\/trofasthund\/tematraffar-valp-och-vardagslydnad\/\" title=\"Tematr\u00e4ffar Valp- och vardagslydnad\">\n\t\t\t\t\t<img data-recalc-dims=\"1\" decoding=\"async\" width=\"950\" height=\"633\" src=\"https:\/\/i0.wp.com\/wandell.se\/trofasthund\/wp-content\/uploads\/2024\/05\/pexels-photo-1346086.jpeg?resize=950%2C633&#038;ssl=1\" class=\"attachment-full size-full wp-post-image\" alt=\"white and gray australian shepherd puppy sitting on grass field\" srcset=\"https:\/\/i0.wp.com\/wandell.se\/trofasthund\/wp-content\/uploads\/2024\/05\/pexels-photo-1346086.jpeg?w=1880&amp;ssl=1 1880w, https:\/\/i0.wp.com\/wandell.se\/trofasthund\/wp-content\/uploads\/2024\/05\/pexels-photo-1346086.jpeg?resize=300%2C200&amp;ssl=1 300w, https:\/\/i0.wp.com\/wandell.se\/trofasthund\/wp-content\/uploads\/2024\/05\/pexels-photo-1346086.jpeg?resize=1024%2C682&amp;ssl=1 1024w, https:\/\/i0.wp.com\/wandell.se\/trofasthund\/wp-content\/uploads\/2024\/05\/pexels-photo-1346086.jpeg?resize=600%2C400&amp;ssl=1 600w, https:\/\/i0.wp.com\/wandell.se\/trofasthund\/wp-content\/uploads\/2024\/05\/pexels-photo-1346086.jpeg?resize=1200%2C800&amp;ssl=1 1200w, https:\/\/i0.wp.com\/wandell.se\/trofasthund\/wp-content\/uploads\/2024\/05\/pexels-photo-1346086.jpeg?resize=1536%2C1024&amp;ssl=1 1536w\" sizes=\"100vw\" \/>\t\t\t\t<\/a>\n\t\t\t<\/div>\n\t\t\n                <div class=\"post-grid-text-wrap\">\n               \t\t\t\t<h3 class=\"title\">\n\t\t\t<a href=\"https:\/\/wandell.se\/trofasthund\/tematraffar-valp-och-vardagslydnad\/\" title=\"Tematr\u00e4ffar Valp- och vardagslydnad\">Tematr\u00e4ffar Valp- och vardagslydnad<\/a>\n\t\t<\/h3>\n\t\t\t                \t                \t                                <\/div>\n\n            <\/div><!-- .blog-inner -->\n           \n        <\/article>\n\n        \n        <article id=\"post-7180\" class=\"wpz-post post-7180 post type-post status-publish format-standard has-post-thumbnail hentry category-tematraffar\">\n         \n            <div class=\"post-grid-inner\">\n            \t\n            \t\t\t\t<div class=\"post-grid-thumbnail\">\n\t\t\t\t<a href=\"https:\/\/wandell.se\/trofasthund\/tematraffar-vardagslydnad\/\" title=\"Tematr\u00e4ffar Vardagslydnad\">\n\t\t\t\t\t<img data-recalc-dims=\"1\" decoding=\"async\" width=\"800\" height=\"533\" src=\"https:\/\/i0.wp.com\/wandell.se\/trofasthund\/wp-content\/uploads\/2024\/04\/img_3432.jpg?resize=800%2C533&#038;ssl=1\" class=\"attachment-full size-full wp-post-image\" alt=\"\" srcset=\"https:\/\/i0.wp.com\/wandell.se\/trofasthund\/wp-content\/uploads\/2024\/04\/img_3432.jpg?w=800&amp;ssl=1 800w, https:\/\/i0.wp.com\/wandell.se\/trofasthund\/wp-content\/uploads\/2024\/04\/img_3432.jpg?resize=300%2C200&amp;ssl=1 300w, https:\/\/i0.wp.com\/wandell.se\/trofasthund\/wp-content\/uploads\/2024\/04\/img_3432.jpg?resize=600%2C400&amp;ssl=1 600w\" sizes=\"100vw\" \/>\t\t\t\t<\/a>\n\t\t\t<\/div>\n\t\t\n                <div class=\"post-grid-text-wrap\">\n               \t\t\t\t<h3 class=\"title\">\n\t\t\t<a href=\"https:\/\/wandell.se\/trofasthund\/tematraffar-vardagslydnad\/\" title=\"Tematr\u00e4ffar Vardagslydnad\">Tematr\u00e4ffar Vardagslydnad<\/a>\n\t\t<\/h3>\n\t\t\t                \t                \t                                <\/div>\n\n            <\/div><!-- .blog-inner -->\n           \n        <\/article>\n\n        \t\t\t<\/div>\n\n\t\t\t\t\t\t\t\t\n\t\t<\/div><!-- \/\/.wpz-grid -->\n\t\t\t\t\t\t<\/div>\n\t\t\t\t<\/div>\n\t\t\t\t\t<\/div>\n\t\t<\/div>\n\t\t\t\t\t<\/div>\n\t\t<\/section>\n\t\t\t\t<section class=\"elementor-section elementor-top-section elementor-element elementor-element-23abe52 elementor-section-boxed elementor-section-height-default elementor-section-height-default\" data-id=\"23abe52\" data-element_type=\"section\" data-e-type=\"section\">\n\t\t\t\t\t\t<div class=\"elementor-container elementor-column-gap-default\">\n\t\t\t\t\t<div class=\"elementor-column elementor-col-100 elementor-top-column elementor-element elementor-element-35f57fc\" data-id=\"35f57fc\" data-element_type=\"column\" data-e-type=\"column\">\n\t\t\t<div class=\"elementor-widget-wrap elementor-element-populated\">\n\t\t\t\t\t\t<div class=\"elementor-element elementor-element-7ac05bc elementor-widget elementor-widget-heading\" data-id=\"7ac05bc\" data-element_type=\"widget\" data-e-type=\"widget\" data-widget_type=\"heading.default\">\n\t\t\t\t<div class=\"elementor-widget-container\">\n\t\t\t\t\t<h2 class=\"elementor-heading-title elementor-size-default\">Hela Kursutbudet<\/h2>\t\t\t\t<\/div>\n\t\t\t\t<\/div>\n\t\t\t\t<div class=\"elementor-element elementor-element-594f07a elementor-grid-3 elementor-grid-tablet-2 elementor-grid-mobile-1 elementor-widget elementor-widget-wpzoom-elementor-addons-posts-grid\" data-id=\"594f07a\" data-element_type=\"widget\" data-e-type=\"widget\" data-settings=\"{&quot;columns&quot;:&quot;3&quot;,&quot;columns_tablet&quot;:&quot;2&quot;,&quot;columns_mobile&quot;:&quot;1&quot;}\" data-widget_type=\"wpzoom-elementor-addons-posts-grid.default\">\n\t\t\t\t<div class=\"elementor-widget-container\">\n\t\t\t\t\t\t\t<div \n\t\t\tclass=\"wpz-grid\" \n\t\t\tdata-uid=\"594f07a\"\n\t\t\tdata-offset=\"20\"\n\t\t\tdata-posts-grid='{\"posts_per_page\":20,\"post_status\":\"publish\",\"paged\":1,\"post__not_in\":[],\"ignore_sticky_posts\":true,\"category_name\":\"kurser\",\"no_found_rows\":true,\"orderby\":\"post_title\",\"order\":\"asc\",\"offset\":20,\"show_image\":\"yes\",\"post_thumbnail_size\":\"full\",\"show_title\":\"yes\",\"title_tag\":\"h3\",\"meta_data\":[],\"show_excerpt\":\"\",\"excerpt_length\":null,\"show_read_more\":\"\",\"read_more_text\":null,\"grid_style\":\"1\",\"total\":0}'>\n\t\t\t\t\t\t<div class=\"wpz-grid-container elementor-grid wpz-grid-desktop-3  wpz-grid-tablet-2  wpz-grid-mobile-1 \">\n\t\t\t\t\n        <article id=\"post-7273\" class=\"wpz-post post-7273 post type-post status-publish format-standard has-post-thumbnail hentry category-kurser\">\n         \n            <div class=\"post-grid-inner\">\n            \t\n            \t\t\t\t<div class=\"post-grid-thumbnail\">\n\t\t\t\t<a href=\"https:\/\/wandell.se\/trofasthund\/nosework\/\" title=\"NoseWork\">\n\t\t\t\t\t<img data-recalc-dims=\"1\" loading=\"lazy\" decoding=\"async\" width=\"950\" height=\"713\" src=\"https:\/\/i0.wp.com\/wandell.se\/trofasthund\/wp-content\/uploads\/2025\/02\/en-hund-som-gor-nosework-ovningar-lat-den-soka-kring.png?resize=950%2C713&#038;ssl=1\" class=\"attachment-full size-full wp-post-image\" alt=\"\" srcset=\"https:\/\/i0.wp.com\/wandell.se\/trofasthund\/wp-content\/uploads\/2025\/02\/en-hund-som-gor-nosework-ovningar-lat-den-soka-kring.png?w=1024&amp;ssl=1 1024w, https:\/\/i0.wp.com\/wandell.se\/trofasthund\/wp-content\/uploads\/2025\/02\/en-hund-som-gor-nosework-ovningar-lat-den-soka-kring.png?resize=300%2C225&amp;ssl=1 300w, https:\/\/i0.wp.com\/wandell.se\/trofasthund\/wp-content\/uploads\/2025\/02\/en-hund-som-gor-nosework-ovningar-lat-den-soka-kring.png?resize=600%2C450&amp;ssl=1 600w\" sizes=\"100vw\" \/>\t\t\t\t<\/a>\n\t\t\t<\/div>\n\t\t\n                <div class=\"post-grid-text-wrap\">\n               \t\t\t\t<h3 class=\"title\">\n\t\t\t<a href=\"https:\/\/wandell.se\/trofasthund\/nosework\/\" title=\"NoseWork\">NoseWork<\/a>\n\t\t<\/h3>\n\t\t\t                \t                \t                                <\/div>\n\n            <\/div><!-- .blog-inner -->\n           \n        <\/article>\n\n        \n        <article id=\"post-7121\" class=\"wpz-post post-7121 post type-post status-publish format-standard has-post-thumbnail hentry category-rallylydnad\">\n         \n            <div class=\"post-grid-inner\">\n            \t\n            \t\t\t\t<div class=\"post-grid-thumbnail\">\n\t\t\t\t<a href=\"https:\/\/wandell.se\/trofasthund\/rallylydnad-coachgrupp\/\" title=\"Rallylydnad Coachgrupp\">\n\t\t\t\t\t<img data-recalc-dims=\"1\" loading=\"lazy\" decoding=\"async\" width=\"750\" height=\"600\" src=\"https:\/\/i0.wp.com\/wandell.se\/trofasthund\/wp-content\/uploads\/2024\/04\/401054_406277242770919_1560868708_n-2.jpg?resize=750%2C600&#038;ssl=1\" class=\"attachment-full size-full wp-post-image\" alt=\"\" srcset=\"https:\/\/i0.wp.com\/wandell.se\/trofasthund\/wp-content\/uploads\/2024\/04\/401054_406277242770919_1560868708_n-2.jpg?w=750&amp;ssl=1 750w, https:\/\/i0.wp.com\/wandell.se\/trofasthund\/wp-content\/uploads\/2024\/04\/401054_406277242770919_1560868708_n-2.jpg?resize=300%2C240&amp;ssl=1 300w, https:\/\/i0.wp.com\/wandell.se\/trofasthund\/wp-content\/uploads\/2024\/04\/401054_406277242770919_1560868708_n-2.jpg?resize=600%2C480&amp;ssl=1 600w\" sizes=\"100vw\" \/>\t\t\t\t<\/a>\n\t\t\t<\/div>\n\t\t\n                <div class=\"post-grid-text-wrap\">\n               \t\t\t\t<h3 class=\"title\">\n\t\t\t<a href=\"https:\/\/wandell.se\/trofasthund\/rallylydnad-coachgrupp\/\" title=\"Rallylydnad Coachgrupp\">Rallylydnad Coachgrupp<\/a>\n\t\t<\/h3>\n\t\t\t                \t                \t                                <\/div>\n\n            <\/div><!-- .blog-inner -->\n           \n        <\/article>\n\n        \n        <article id=\"post-7105\" class=\"wpz-post post-7105 post type-post status-publish format-standard has-post-thumbnail hentry category-rallylydnad\">\n         \n            <div class=\"post-grid-inner\">\n            \t\n            \t\t\t\t<div class=\"post-grid-thumbnail\">\n\t\t\t\t<a href=\"https:\/\/wandell.se\/trofasthund\/rallylydnad-nyborjarklass\/\" title=\"Rallylydnad Nyb\u00f6rjarklass\">\n\t\t\t\t\t<img data-recalc-dims=\"1\" loading=\"lazy\" decoding=\"async\" width=\"750\" height=\"600\" src=\"https:\/\/i0.wp.com\/wandell.se\/trofasthund\/wp-content\/uploads\/2024\/04\/401054_406277242770919_1560868708_n-2.jpg?resize=750%2C600&#038;ssl=1\" class=\"attachment-full size-full wp-post-image\" alt=\"\" srcset=\"https:\/\/i0.wp.com\/wandell.se\/trofasthund\/wp-content\/uploads\/2024\/04\/401054_406277242770919_1560868708_n-2.jpg?w=750&amp;ssl=1 750w, https:\/\/i0.wp.com\/wandell.se\/trofasthund\/wp-content\/uploads\/2024\/04\/401054_406277242770919_1560868708_n-2.jpg?resize=300%2C240&amp;ssl=1 300w, https:\/\/i0.wp.com\/wandell.se\/trofasthund\/wp-content\/uploads\/2024\/04\/401054_406277242770919_1560868708_n-2.jpg?resize=600%2C480&amp;ssl=1 600w\" sizes=\"100vw\" \/>\t\t\t\t<\/a>\n\t\t\t<\/div>\n\t\t\n                <div class=\"post-grid-text-wrap\">\n               \t\t\t\t<h3 class=\"title\">\n\t\t\t<a href=\"https:\/\/wandell.se\/trofasthund\/rallylydnad-nyborjarklass\/\" title=\"Rallylydnad Nyb\u00f6rjarklass\">Rallylydnad Nyb\u00f6rjarklass<\/a>\n\t\t<\/h3>\n\t\t\t                \t                \t                                <\/div>\n\n            <\/div><!-- .blog-inner -->\n           \n        <\/article>\n\n        \n        <article id=\"post-7061\" class=\"wpz-post post-7061 post type-post status-publish format-standard has-post-thumbnail hentry category-valpkurser\">\n         \n            <div class=\"post-grid-inner\">\n            \t\n            \t\t\t\t<div class=\"post-grid-thumbnail\">\n\t\t\t\t<a href=\"https:\/\/wandell.se\/trofasthund\/valpkurs\/\" title=\"Valpkurs\">\n\t\t\t\t\t<img data-recalc-dims=\"1\" loading=\"lazy\" decoding=\"async\" width=\"798\" height=\"600\" src=\"https:\/\/i0.wp.com\/wandell.se\/trofasthund\/wp-content\/uploads\/2024\/04\/7.jpg?resize=798%2C600&#038;ssl=1\" class=\"attachment-full size-full wp-post-image\" alt=\"\" srcset=\"https:\/\/i0.wp.com\/wandell.se\/trofasthund\/wp-content\/uploads\/2024\/04\/7.jpg?w=798&amp;ssl=1 798w, https:\/\/i0.wp.com\/wandell.se\/trofasthund\/wp-content\/uploads\/2024\/04\/7.jpg?resize=300%2C226&amp;ssl=1 300w, https:\/\/i0.wp.com\/wandell.se\/trofasthund\/wp-content\/uploads\/2024\/04\/7.jpg?resize=600%2C451&amp;ssl=1 600w\" sizes=\"100vw\" \/>\t\t\t\t<\/a>\n\t\t\t<\/div>\n\t\t\n                <div class=\"post-grid-text-wrap\">\n               \t\t\t\t<h3 class=\"title\">\n\t\t\t<a href=\"https:\/\/wandell.se\/trofasthund\/valpkurs\/\" title=\"Valpkurs\">Valpkurs<\/a>\n\t\t<\/h3>\n\t\t\t                \t                \t                                <\/div>\n\n            <\/div><!-- .blog-inner -->\n           \n        <\/article>\n\n        \t\t\t<\/div>\n\n\t\t\t\t\t\t\t\t\n\t\t<\/div><!-- \/\/.wpz-grid -->\n\t\t\t\t\t\t<\/div>\n\t\t\t\t<\/div>\n\t\t\t\t\t<\/div>\n\t\t<\/div>\n\t\t\t\t\t<\/div>\n\t\t<\/section>\n\t\t\t\t<\/div>\n\t\t","protected":false},"excerpt":{"rendered":"<p>Planerade kursstarter Tematr\u00e4ffar Tematr\u00e4ffarna \u00e4r f\u00f6r dig som kanske har sv\u00e5rt att binda upp dig p\u00e5 en hel kurs, f\u00f6r dig som beh\u00f6ver tr\u00e4na extra p\u00e5 vissa delar eller f\u00f6r &hellip; <\/p>\n<p class=\"link-more\"><a href=\"https:\/\/wandell.se\/trofasthund\/valpkurs\/\" class=\"more-link\">L\u00e4s mer<span class=\"screen-reader-text\"> \u201dValpkurs\u201d<\/span><\/a><\/p>\n","protected":false},"author":1,"featured_media":0,"parent":0,"menu_order":0,"comment_status":"closed","ping_status":"closed","template":"page-templates\/full-width-builder-bb.php","meta":{"inspiro_hide_title":false,"footnotes":""},"class_list":["post-7032","page","type-page","status-publish","hentry"],"jetpack-related-posts":[],"jetpack_sharing_enabled":true,"featured_media_urls":[],"_links":{"self":[{"href":"https:\/\/wandell.se\/trofasthund\/wp-json\/wp\/v2\/pages\/7032","targetHints":{"allow":["GET"]}}],"collection":[{"href":"https:\/\/wandell.se\/trofasthund\/wp-json\/wp\/v2\/pages"}],"about":[{"href":"https:\/\/wandell.se\/trofasthund\/wp-json\/wp\/v2\/types\/page"}],"author":[{"embeddable":true,"href":"https:\/\/wandell.se\/trofasthund\/wp-json\/wp\/v2\/users\/1"}],"replies":[{"embeddable":true,"href":"https:\/\/wandell.se\/trofasthund\/wp-json\/wp\/v2\/comments?post=7032"}],"version-history":[{"count":34,"href":"https:\/\/wandell.se\/trofasthund\/wp-json\/wp\/v2\/pages\/7032\/revisions"}],"predecessor-version":[{"id":7262,"href":"https:\/\/wandell.se\/trofasthund\/wp-json\/wp\/v2\/pages\/7032\/revisions\/7262"}],"wp:attachment":[{"href":"https:\/\/wandell.se\/trofasthund\/wp-json\/wp\/v2\/media?parent=7032"}],"curies":[{"name":"wp","href":"https:\/\/api.w.org\/{rel}","templated":true}]}}