{"id":7007,"date":"2023-11-25T17:03:17","date_gmt":"2023-11-25T17:03:17","guid":{"rendered":"https:\/\/wandell.se\/trofasthund\/?page_id=7007"},"modified":"2024-04-14T14:16:47","modified_gmt":"2024-04-14T14:16:47","slug":"om-mina-hundar","status":"publish","type":"page","link":"https:\/\/wandell.se\/trofasthund\/om-mina-hundar\/","title":{"rendered":"Om mina hundar"},"content":{"rendered":"\t\t<div data-elementor-type=\"wp-page\" data-elementor-id=\"7007\" class=\"elementor elementor-7007\">\n\t\t\t\t\t\t<section class=\"elementor-section elementor-top-section elementor-element elementor-element-4809f5de elementor-section-boxed elementor-section-height-default elementor-section-height-default\" data-id=\"4809f5de\" data-element_type=\"section\" data-e-type=\"section\" data-settings=\"{&quot;background_background&quot;:&quot;classic&quot;}\">\n\t\t\t\t\t\t<div class=\"elementor-container elementor-column-gap-custom\">\n\t\t\t\t\t<div class=\"elementor-column elementor-col-33 elementor-top-column elementor-element elementor-element-10bff1a7\" data-id=\"10bff1a7\" data-element_type=\"column\" data-e-type=\"column\">\n\t\t\t<div class=\"elementor-widget-wrap elementor-element-populated\">\n\t\t\t\t\t\t<div class=\"elementor-element elementor-element-8e0665c elementor-widget elementor-widget-wpzoom-elementor-addons-team-members\" data-id=\"8e0665c\" data-element_type=\"widget\" data-e-type=\"widget\" data-widget_type=\"wpzoom-elementor-addons-team-members.default\">\n\t\t\t\t<div class=\"elementor-widget-container\">\n\t\t\t\t\t\n\t\t\t\t\t<figure class=\"wpz-member-figure\">\n\t\t\t\t<img data-recalc-dims=\"1\" fetchpriority=\"high\" decoding=\"async\" width=\"300\" height=\"480\" src=\"https:\/\/i0.wp.com\/wandell.se\/trofasthund\/wp-content\/uploads\/2023\/11\/401054_406277242770919_1560868708_n-e1700929859568.jpg?resize=300%2C480&#038;ssl=1\" class=\"elementor-animation-disable-animation attachment-large size-large wp-image-6987\" alt=\"\" srcset=\"https:\/\/i0.wp.com\/wandell.se\/trofasthund\/wp-content\/uploads\/2023\/11\/401054_406277242770919_1560868708_n-e1700929859568.jpg?w=300&amp;ssl=1 300w, https:\/\/i0.wp.com\/wandell.se\/trofasthund\/wp-content\/uploads\/2023\/11\/401054_406277242770919_1560868708_n-e1700929859568.jpg?resize=188%2C300&amp;ssl=1 188w\" sizes=\"100vw\" \/>\t\t\t<\/figure>\n\t\t\n\t\t<div class=\"wpz-member-body\">\n\t\t\t<h2 class=\"wpz-member-name\">Lizzroys Roy<\/h2>\n\t\t\t\t\t\t\t<div class=\"wpz-member-position\">Border Collie f. 2003-03-24 d. 2015-08-10<\/div>\n\t\t\t\n\t\t\t\n\t\t\t\n\t\t\t\n\t\t\t\t\t<\/div>\n\t\t\t\t\t\t<\/div>\n\t\t\t\t<\/div>\n\t\t\t\t<div class=\"elementor-element elementor-element-facb949 elementor-widget elementor-widget-spacer\" data-id=\"facb949\" data-element_type=\"widget\" data-e-type=\"widget\" data-widget_type=\"spacer.default\">\n\t\t\t\t<div class=\"elementor-widget-container\">\n\t\t\t\t\t\t\t<div class=\"elementor-spacer\">\n\t\t\t<div class=\"elementor-spacer-inner\"><\/div>\n\t\t<\/div>\n\t\t\t\t\t\t<\/div>\n\t\t\t\t<\/div>\n\t\t\t\t<div class=\"elementor-element elementor-element-94d0470 elementor-widget elementor-widget-text-editor\" data-id=\"94d0470\" data-element_type=\"widget\" data-e-type=\"widget\" data-widget_type=\"text-editor.default\">\n\t\t\t\t<div class=\"elementor-widget-container\">\n\t\t\t\t\t\t\t\t\t<p><strong>Resultat:<\/strong><\/p><ul><li>Riksm\u00e4sterskap 2010 4e plats<span class=\"Apple-converted-space\">\u00a0<\/span><\/li><li>SM 2012 1a plats och GULD med en felfri finalrunda p\u00e5 200p och Sveriges f\u00f6rsta svenska m\u00e4stare i rallylydnad.<span class=\"Apple-converted-space\">\u00a0<\/span><\/li><li>SM 2013<span class=\"Apple-converted-space\">\u00a0 <\/span>4e plats med ytterligare en felfri finalrunda!<\/li><li>2013<span class=\"Apple-converted-space\">\u00a0 <\/span>Sveriges b\u00e4sta rallylydnadshund\u00a0med maxpo\u00e4ng 500.\u00a0<\/li><li>SM 2014 14e plats med 199\/200p p\u00e5 kvalet men missade ett hopp i finalen.<span class=\"Apple-converted-space\">\u00a0<\/span><\/li><\/ul><p><strong>Titlar:<br \/><\/strong>RLD N, RLD F, RLD A, RLD M<span class=\"Apple-converted-space\">\u00a0<br \/><\/span>Genomf\u00f6rd BPH<span class=\"Apple-converted-space\">\u00a0<\/span><\/p>\t\t\t\t\t\t\t\t<\/div>\n\t\t\t\t<\/div>\n\t\t\t\t\t<\/div>\n\t\t<\/div>\n\t\t\t\t<div class=\"elementor-column elementor-col-33 elementor-top-column elementor-element elementor-element-b0455b7\" data-id=\"b0455b7\" data-element_type=\"column\" data-e-type=\"column\">\n\t\t\t<div class=\"elementor-widget-wrap elementor-element-populated\">\n\t\t\t\t\t\t<div class=\"elementor-element elementor-element-5b725c4e elementor-widget elementor-widget-wpzoom-elementor-addons-team-members\" data-id=\"5b725c4e\" data-element_type=\"widget\" data-e-type=\"widget\" data-widget_type=\"wpzoom-elementor-addons-team-members.default\">\n\t\t\t\t<div class=\"elementor-widget-container\">\n\t\t\t\t\t\n\t\t\t\t\t<figure class=\"wpz-member-figure\">\n\t\t\t\t<img data-recalc-dims=\"1\" decoding=\"async\" width=\"300\" height=\"480\" src=\"https:\/\/i0.wp.com\/wandell.se\/trofasthund\/wp-content\/uploads\/2023\/11\/img_1251-1-e1700930572784.jpg?resize=300%2C480&#038;ssl=1\" class=\"elementor-animation-disable-animation attachment-large size-large wp-image-6991\" alt=\"\" srcset=\"https:\/\/i0.wp.com\/wandell.se\/trofasthund\/wp-content\/uploads\/2023\/11\/img_1251-1-e1700930572784.jpg?w=300&amp;ssl=1 300w, https:\/\/i0.wp.com\/wandell.se\/trofasthund\/wp-content\/uploads\/2023\/11\/img_1251-1-e1700930572784.jpg?resize=188%2C300&amp;ssl=1 188w\" sizes=\"100vw\" \/>\t\t\t<\/figure>\n\t\t\n\t\t<div class=\"wpz-member-body\">\n\t\t\t<h2 class=\"wpz-member-name\">Wiking Chidob Rolex<\/h2>\n\t\t\t\t\t\t\t<div class=\"wpz-member-position\">Tysk Sch\u00e4ferhund f. 2013-03-19 d.2018-03-22<\/div>\n\t\t\t\n\t\t\t\n\t\t\t\n\t\t\t\n\t\t\t\t\t<\/div>\n\t\t\t\t\t\t<\/div>\n\t\t\t\t<\/div>\n\t\t\t\t<div class=\"elementor-element elementor-element-c0061d6 elementor-widget elementor-widget-spacer\" data-id=\"c0061d6\" data-element_type=\"widget\" data-e-type=\"widget\" data-widget_type=\"spacer.default\">\n\t\t\t\t<div class=\"elementor-widget-container\">\n\t\t\t\t\t\t\t<div class=\"elementor-spacer\">\n\t\t\t<div class=\"elementor-spacer-inner\"><\/div>\n\t\t<\/div>\n\t\t\t\t\t\t<\/div>\n\t\t\t\t<\/div>\n\t\t\t\t<div class=\"elementor-element elementor-element-1c0260e elementor-widget elementor-widget-text-editor\" data-id=\"1c0260e\" data-element_type=\"widget\" data-e-type=\"widget\" data-widget_type=\"text-editor.default\">\n\t\t\t\t<div class=\"elementor-widget-container\">\n\t\t\t\t\t\t\t\t\t<p><strong>Meriter:<\/strong><\/p><ul><li>Lydnadsklass 1:<span class=\"Apple-converted-space\">\u00a0 <\/span>LP1 2016<span class=\"Apple-converted-space\">\u00a0<\/span><\/li><li>Nosework klass 1: 3:e plats i inomhuss\u00f6k Ron Gaunt 2015<\/li><\/ul><p><strong>Rallylydnad titlar:<\/strong> <br \/>RLD N, RLD F<span class=\"Apple-converted-space\">\u00a0<\/span><\/p><p>Genomf\u00f6rd MH<span class=\"Apple-converted-space\">\u00a0<\/span><\/p>\t\t\t\t\t\t\t\t<\/div>\n\t\t\t\t<\/div>\n\t\t\t\t\t<\/div>\n\t\t<\/div>\n\t\t\t\t<div class=\"elementor-column elementor-col-33 elementor-top-column elementor-element elementor-element-38ec6c8\" data-id=\"38ec6c8\" data-element_type=\"column\" data-e-type=\"column\">\n\t\t\t<div class=\"elementor-widget-wrap elementor-element-populated\">\n\t\t\t\t\t\t<div class=\"elementor-element elementor-element-4b9f7553 elementor-widget elementor-widget-wpzoom-elementor-addons-team-members\" data-id=\"4b9f7553\" data-element_type=\"widget\" data-e-type=\"widget\" data-widget_type=\"wpzoom-elementor-addons-team-members.default\">\n\t\t\t\t<div class=\"elementor-widget-container\">\n\t\t\t\t\t\n\t\t\t\t\t<figure class=\"wpz-member-figure\">\n\t\t\t\t<img data-recalc-dims=\"1\" decoding=\"async\" width=\"300\" height=\"480\" src=\"https:\/\/i0.wp.com\/wandell.se\/trofasthund\/wp-content\/uploads\/2023\/11\/13700205_1239021556109658_5546832941015105473_n-e1700930173521.jpg?resize=300%2C480&#038;ssl=1\" class=\"elementor-animation-disable-animation attachment-large size-large wp-image-6989\" alt=\"\" srcset=\"https:\/\/i0.wp.com\/wandell.se\/trofasthund\/wp-content\/uploads\/2023\/11\/13700205_1239021556109658_5546832941015105473_n-e1700930173521.jpg?w=300&amp;ssl=1 300w, https:\/\/i0.wp.com\/wandell.se\/trofasthund\/wp-content\/uploads\/2023\/11\/13700205_1239021556109658_5546832941015105473_n-e1700930173521.jpg?resize=188%2C300&amp;ssl=1 188w\" sizes=\"100vw\" \/>\t\t\t<\/figure>\n\t\t\n\t\t<div class=\"wpz-member-body\">\n\t\t\t<h2 class=\"wpz-member-name\">Lizzroys Viper<\/h2>\n\t\t\t\t\t\t\t<div class=\"wpz-member-position\">Border Collie f. 2011-03-08<\/div>\n\t\t\t\n\t\t\t\n\t\t\t\n\t\t\t\n\t\t\t\t\t<\/div>\n\t\t\t\t\t\t<\/div>\n\t\t\t\t<\/div>\n\t\t\t\t<div class=\"elementor-element elementor-element-4dc4d8f elementor-widget elementor-widget-spacer\" data-id=\"4dc4d8f\" data-element_type=\"widget\" data-e-type=\"widget\" data-widget_type=\"spacer.default\">\n\t\t\t\t<div class=\"elementor-widget-container\">\n\t\t\t\t\t\t\t<div class=\"elementor-spacer\">\n\t\t\t<div class=\"elementor-spacer-inner\"><\/div>\n\t\t<\/div>\n\t\t\t\t\t\t<\/div>\n\t\t\t\t<\/div>\n\t\t\t\t<div class=\"elementor-element elementor-element-be31a28 elementor-widget elementor-widget-text-editor\" data-id=\"be31a28\" data-element_type=\"widget\" data-e-type=\"widget\" data-widget_type=\"text-editor.default\">\n\t\t\t\t<div class=\"elementor-widget-container\">\n\t\t\t\t\t\t\t\t\t<p>Utbildad men pensionerad Bes\u00f6kshund\u00a02019\u00a0via Svenska Terapihundskolan och Brands\u00f6kshund via Kyllesj\u00f6 Hund.\u00a0<\/p><p><strong>T\u00e4vlat i:<br \/><\/strong>Lydnadsklass 1: 145p &amp; 138p.<\/p><p><strong>Rallylydnad: <\/strong><\/p><ul><li>Debuterade m\u00e4starklass i januari 2016 och kvalade in p\u00e5 SM samma \u00e5r 490\/500p.<\/li><li>SM 2016 32a plats<\/li><\/ul><p><strong>Titlar:<\/strong><\/p><ul><li>RLD N, F, A, M och Championat<span class=\"Apple-converted-space\">\u00a0<\/span><\/li><li>Nosework klass 1: Diplom x 3<\/li><li>Specials\u00f6k klass 1: Gdk inoff<\/li><li>Specials\u00f6k klass 2: Gdk inoff<\/li><li>2022 Vann \u00d6stg\u00f6tamaran-cup i specials\u00f6k<\/li><li>2023 6e plats \u00d6stg\u00f6tamaran-cup<\/li><li>\u00c5rets Specials\u00f6kshund Str\u00e4ngn\u00e4s BK 2022 och 2023<span class=\"Apple-converted-space\">\u00a0<\/span><\/li><\/ul><p>Genomf\u00f6rd BPH<\/p>\t\t\t\t\t\t\t\t<\/div>\n\t\t\t\t<\/div>\n\t\t\t\t\t<\/div>\n\t\t<\/div>\n\t\t\t\t\t<\/div>\n\t\t<\/section>\n\t\t\t\t<section class=\"elementor-section elementor-top-section elementor-element elementor-element-5a82cf3 elementor-section-boxed elementor-section-height-default elementor-section-height-default\" data-id=\"5a82cf3\" data-element_type=\"section\" data-e-type=\"section\" data-settings=\"{&quot;background_background&quot;:&quot;classic&quot;}\">\n\t\t\t\t\t\t<div class=\"elementor-container elementor-column-gap-custom\">\n\t\t\t\t\t<div class=\"elementor-column elementor-col-33 elementor-top-column elementor-element elementor-element-cc6b223\" data-id=\"cc6b223\" data-element_type=\"column\" data-e-type=\"column\">\n\t\t\t<div class=\"elementor-widget-wrap elementor-element-populated\">\n\t\t\t\t\t\t<div class=\"elementor-element elementor-element-a1a5f1a elementor-widget elementor-widget-wpzoom-elementor-addons-team-members\" data-id=\"a1a5f1a\" data-element_type=\"widget\" data-e-type=\"widget\" data-widget_type=\"wpzoom-elementor-addons-team-members.default\">\n\t\t\t\t<div class=\"elementor-widget-container\">\n\t\t\t\t\t\n\t\t\t\t\t<figure class=\"wpz-member-figure\">\n\t\t\t\t<img data-recalc-dims=\"1\" loading=\"lazy\" decoding=\"async\" width=\"300\" height=\"480\" src=\"https:\/\/i0.wp.com\/wandell.se\/trofasthund\/wp-content\/uploads\/2023\/11\/13914025_1060284300693374_2181758845864134665_o-e1700930985987.jpg?resize=300%2C480&#038;ssl=1\" class=\"elementor-animation-disable-animation attachment-large size-large wp-image-6992\" alt=\"\" srcset=\"https:\/\/i0.wp.com\/wandell.se\/trofasthund\/wp-content\/uploads\/2023\/11\/13914025_1060284300693374_2181758845864134665_o-e1700930985987.jpg?w=300&amp;ssl=1 300w, https:\/\/i0.wp.com\/wandell.se\/trofasthund\/wp-content\/uploads\/2023\/11\/13914025_1060284300693374_2181758845864134665_o-e1700930985987.jpg?resize=188%2C300&amp;ssl=1 188w\" sizes=\"100vw\" \/>\t\t\t<\/figure>\n\t\t\n\t\t<div class=\"wpz-member-body\">\n\t\t\t<h2 class=\"wpz-member-name\">Royalty Rocks (Make Me Wonder) POPPE<\/h2>\n\t\t\t\t\t\t\t<div class=\"wpz-member-position\">Bracco Italiano f. 2016-04-09 d. 2022<\/div>\n\t\t\t\n\t\t\t\n\t\t\t\n\t\t\t\n\t\t\t\t\t<\/div>\n\t\t\t\t\t\t<\/div>\n\t\t\t\t<\/div>\n\t\t\t\t<div class=\"elementor-element elementor-element-00bb084 elementor-widget elementor-widget-spacer\" data-id=\"00bb084\" data-element_type=\"widget\" data-e-type=\"widget\" data-widget_type=\"spacer.default\">\n\t\t\t\t<div class=\"elementor-widget-container\">\n\t\t\t\t\t\t\t<div class=\"elementor-spacer\">\n\t\t\t<div class=\"elementor-spacer-inner\"><\/div>\n\t\t<\/div>\n\t\t\t\t\t\t<\/div>\n\t\t\t\t<\/div>\n\t\t\t\t<div class=\"elementor-element elementor-element-a24659c elementor-widget elementor-widget-text-editor\" data-id=\"a24659c\" data-element_type=\"widget\" data-e-type=\"widget\" data-widget_type=\"text-editor.default\">\n\t\t\t\t<div class=\"elementor-widget-container\">\n\t\t\t\t\t\t\t\t\t<p><strong>Barmarksdrag:<span class=\"Apple-converted-space\">\u00a0<\/span><\/strong><\/p><ul><li>2018 Gr\u00f6nt kort<span class=\"Apple-converted-space\">\u00a0<\/span><\/li><li>SM 2018 15e plats<\/li><\/ul><p><strong>Lydnad startklass:\u00a0<\/strong><\/p><ul><li>2019-01-06 121,5 p GDK<\/li><li>2019-01-26 157,5 p GDK<\/li><\/ul><p><strong>Rallylydnad titlar: <\/strong><br \/>RLD N, Rld F<span class=\"Apple-converted-space\">\u00a0<\/span><\/p><p>Genomf\u00f6rd BPH<span class=\"Apple-converted-space\">\u00a0<\/span><\/p><p>Avbruten MH<span class=\"Apple-converted-space\">\u00a0<\/span><\/p>\t\t\t\t\t\t\t\t<\/div>\n\t\t\t\t<\/div>\n\t\t\t\t\t<\/div>\n\t\t<\/div>\n\t\t\t\t<div class=\"elementor-column elementor-col-33 elementor-top-column elementor-element elementor-element-f49f157\" data-id=\"f49f157\" data-element_type=\"column\" data-e-type=\"column\">\n\t\t\t<div class=\"elementor-widget-wrap elementor-element-populated\">\n\t\t\t\t\t\t<div class=\"elementor-element elementor-element-a6d02c0 elementor-widget elementor-widget-wpzoom-elementor-addons-team-members\" data-id=\"a6d02c0\" data-element_type=\"widget\" data-e-type=\"widget\" data-widget_type=\"wpzoom-elementor-addons-team-members.default\">\n\t\t\t\t<div class=\"elementor-widget-container\">\n\t\t\t\t\t\n\t\t\t\t\t<figure class=\"wpz-member-figure\">\n\t\t\t\t<img data-recalc-dims=\"1\" loading=\"lazy\" decoding=\"async\" width=\"640\" height=\"1024\" src=\"https:\/\/i0.wp.com\/wandell.se\/trofasthund\/wp-content\/uploads\/2024\/04\/438095144_781489506979556_194484793834854576_n-e1713087246763-640x1024.jpg?resize=640%2C1024&#038;ssl=1\" class=\"elementor-animation-disable-animation attachment-large size-large wp-image-7048\" alt=\"\" srcset=\"https:\/\/i0.wp.com\/wandell.se\/trofasthund\/wp-content\/uploads\/2024\/04\/438095144_781489506979556_194484793834854576_n-e1713087246763.jpg?resize=640%2C1024&amp;ssl=1 640w, https:\/\/i0.wp.com\/wandell.se\/trofasthund\/wp-content\/uploads\/2024\/04\/438095144_781489506979556_194484793834854576_n-e1713087246763.jpg?resize=188%2C300&amp;ssl=1 188w, https:\/\/i0.wp.com\/wandell.se\/trofasthund\/wp-content\/uploads\/2024\/04\/438095144_781489506979556_194484793834854576_n-e1713087246763.jpg?resize=768%2C1229&amp;ssl=1 768w, https:\/\/i0.wp.com\/wandell.se\/trofasthund\/wp-content\/uploads\/2024\/04\/438095144_781489506979556_194484793834854576_n-e1713087246763.jpg?resize=960%2C1536&amp;ssl=1 960w, https:\/\/i0.wp.com\/wandell.se\/trofasthund\/wp-content\/uploads\/2024\/04\/438095144_781489506979556_194484793834854576_n-e1713087246763.jpg?resize=600%2C960&amp;ssl=1 600w, https:\/\/i0.wp.com\/wandell.se\/trofasthund\/wp-content\/uploads\/2024\/04\/438095144_781489506979556_194484793834854576_n-e1713087246763.jpg?resize=1200%2C1920&amp;ssl=1 1200w, https:\/\/i0.wp.com\/wandell.se\/trofasthund\/wp-content\/uploads\/2024\/04\/438095144_781489506979556_194484793834854576_n-e1713087246763.jpg?w=1250&amp;ssl=1 1250w\" sizes=\"100vw\" \/>\t\t\t<\/figure>\n\t\t\n\t\t<div class=\"wpz-member-body\">\n\t\t\t<h2 class=\"wpz-member-name\">Mixalex Nash<\/h2>\n\t\t\t\t\t\t\t<div class=\"wpz-member-position\">Tysk Sch\u00e4ferhund<\/div>\n\t\t\t\n\t\t\t\n\t\t\t\n\t\t\t\n\t\t\t\t\t<\/div>\n\t\t\t\t\t\t<\/div>\n\t\t\t\t<\/div>\n\t\t\t\t<div class=\"elementor-element elementor-element-5a31b39 elementor-widget elementor-widget-spacer\" data-id=\"5a31b39\" data-element_type=\"widget\" data-e-type=\"widget\" data-widget_type=\"spacer.default\">\n\t\t\t\t<div class=\"elementor-widget-container\">\n\t\t\t\t\t\t\t<div class=\"elementor-spacer\">\n\t\t\t<div class=\"elementor-spacer-inner\"><\/div>\n\t\t<\/div>\n\t\t\t\t\t\t<\/div>\n\t\t\t\t<\/div>\n\t\t\t\t<div class=\"elementor-element elementor-element-d18099d elementor-widget elementor-widget-text-editor\" data-id=\"d18099d\" data-element_type=\"widget\" data-e-type=\"widget\" data-widget_type=\"text-editor.default\">\n\t\t\t\t<div class=\"elementor-widget-container\">\n\t\t\t\t\t\t\t\t\t<p><strong>Specials\u00f6k:<span class=\"Apple-converted-space\">\u00a0<\/span><\/strong><\/p><ul><li>2022-2023 Deltagit med placering b\u00e5de klass 1 och 2 inofficiellt.<span class=\"Apple-converted-space\">\u00a0<\/span><\/li><li>2024 Specials\u00f6k klass 1 GDK<span class=\"Apple-converted-space\">\u00a0<\/span><\/li><\/ul><p><strong>Nosework klass 1: <\/strong><\/p><ul><li>Ett diplom<\/li><\/ul>\t\t\t\t\t\t\t\t<\/div>\n\t\t\t\t<\/div>\n\t\t\t\t\t<\/div>\n\t\t<\/div>\n\t\t\t\t<div class=\"elementor-column elementor-col-33 elementor-top-column elementor-element elementor-element-001af23\" data-id=\"001af23\" data-element_type=\"column\" data-e-type=\"column\">\n\t\t\t<div class=\"elementor-widget-wrap\">\n\t\t\t\t\t\t\t<\/div>\n\t\t<\/div>\n\t\t\t\t\t<\/div>\n\t\t<\/section>\n\t\t\t\t<\/div>\n\t\t","protected":false},"excerpt":{"rendered":"<p>Lizzroys Roy Border Collie f. 2003-03-24 d. 2015-08-10 Resultat: Riksm\u00e4sterskap 2010 4e plats\u00a0 SM 2012 1a plats och GULD med en felfri finalrunda p\u00e5 200p och Sveriges f\u00f6rsta svenska m\u00e4stare &hellip; <\/p>\n<p class=\"link-more\"><a href=\"https:\/\/wandell.se\/trofasthund\/om-mina-hundar\/\" class=\"more-link\">L\u00e4s mer<span class=\"screen-reader-text\"> \u201dOm mina hundar\u201d<\/span><\/a><\/p>\n","protected":false},"author":1,"featured_media":0,"parent":0,"menu_order":0,"comment_status":"closed","ping_status":"closed","template":"page-templates\/full-width-builder-bb.php","meta":{"inspiro_hide_title":false,"footnotes":""},"class_list":["post-7007","page","type-page","status-publish","hentry"],"jetpack-related-posts":[],"jetpack_sharing_enabled":true,"featured_media_urls":[],"_links":{"self":[{"href":"https:\/\/wandell.se\/trofasthund\/wp-json\/wp\/v2\/pages\/7007","targetHints":{"allow":["GET"]}}],"collection":[{"href":"https:\/\/wandell.se\/trofasthund\/wp-json\/wp\/v2\/pages"}],"about":[{"href":"https:\/\/wandell.se\/trofasthund\/wp-json\/wp\/v2\/types\/page"}],"author":[{"embeddable":true,"href":"https:\/\/wandell.se\/trofasthund\/wp-json\/wp\/v2\/users\/1"}],"replies":[{"embeddable":true,"href":"https:\/\/wandell.se\/trofasthund\/wp-json\/wp\/v2\/comments?post=7007"}],"version-history":[{"count":9,"href":"https:\/\/wandell.se\/trofasthund\/wp-json\/wp\/v2\/pages\/7007\/revisions"}],"predecessor-version":[{"id":7211,"href":"https:\/\/wandell.se\/trofasthund\/wp-json\/wp\/v2\/pages\/7007\/revisions\/7211"}],"wp:attachment":[{"href":"https:\/\/wandell.se\/trofasthund\/wp-json\/wp\/v2\/media?parent=7007"}],"curies":[{"name":"wp","href":"https:\/\/api.w.org\/{rel}","templated":true}]}}